{"id":3,"date":"2025-02-13T10:09:49","date_gmt":"2025-02-13T10:09:49","guid":{"rendered":"http:\/\/darys.pl\/?page_id=3"},"modified":"2026-03-24T20:56:32","modified_gmt":"2026-03-24T20:56:32","slug":"polityka-prywatnosci","status":"publish","type":"page","link":"https:\/\/darys.pl\/index.php\/polityka-prywatnosci\/","title":{"rendered":"Polityka prywatno\u015bci"},"content":{"rendered":"\t\t<div data-elementor-type=\"wp-page\" data-elementor-id=\"3\" class=\"elementor elementor-3\">\n\t\t\t\t<div class=\"elementor-element elementor-element-6b97bc66 e-flex e-con-boxed e-con e-parent\" data-id=\"6b97bc66\" data-element_type=\"container\" data-e-type=\"container\">\n\t\t\t\t\t<div class=\"e-con-inner\">\n\t\t\t\t<div class=\"elementor-element elementor-element-f3929b elementor-widget elementor-widget-text-editor\" data-id=\"f3929b\" data-element_type=\"widget\" data-e-type=\"widget\" data-widget_type=\"text-editor.default\">\n\t\t\t\t<div class=\"elementor-widget-container\">\n\t\t\t\t\t\t\t\t\t\n<p><strong>1. Informacje og\u00f3lne<\/strong><\/p>\n\n\n\n<p>Aplikacja KUMIN\u00a0(dalej: \u201eAplikacja\u201d) szanuje prywatno\u015b\u0107 u\u017cytkownik\u00f3w i obejmuje wszystkie \u015brodki, aby chronione dane osobowe by\u0142y wykorzystywane w ramach Aplikacji. Uwzgl\u0119dnij polityk\u0119 prywatno\u015bci w celu wyja\u015bnienia, w jaki spos\u00f3b zbieramy, kontrolujemy i wykorzystujemy dane osobowe.<\/p>\n\n\n\n<p><strong>2. Administrator danych osobowych<\/strong><\/p>\n\n\n\n<p>Administratorem danych osobowych w ramach Aplikacji jest MYO Solutions Jacek Ry\u015b, z siedzib\u0105 pod adresem ul. Kamiennog\u00f3rska 9, 60-179 Pozna\u0144, o numerze NIP 6652841071.<\/p>\n\n\n\n<p><strong>3. Dane osobowe<\/strong><\/p>\n\n\n\n<p>Aplikacja mo\u017ce by\u0107 dostosowana do przechowywania indywidualnych danych:<br>\u00b7 adres e-mail,<br>\u00b7 identyfikator telefonu.<\/p>\n\n\n\n<p><strong>4. Cel przetwarzania danych osobowych<\/strong><\/p>\n\n\n\n<p>Dane osobowe s\u0105 zbierane w celach u\u017cytkowych z aplikacji oraz w celach statystycznych i praktycznych. W ka\u017cdym razie dane mog\u0105 by\u0107 przetwarzane w celu:<br>\u00b7 umo\u017cliwienia stosowania aplikacji,<br>\u00b7 przesy\u0142anie informacji o Aplikacji i jej aktualizacji,<br>\u00b7 poprawa jako\u015bci us\u0142ug przez aplikacj\u0119.<\/p>\n\n\n\n<p><strong>5. Podstawa prawna przetwarzania danych osobowych<\/strong><\/p>\n\n\n\n<p>Podstaw\u0105 stosowania przetwarzania danych osobowych jest:<br>\u00b7 zgoda u\u017cytkownika (w przypadku przesy\u0142ania danych),<br>\u00b7 niezb\u0119dno\u015b\u0107 przetwarzania do wykonania umowy,<br>\u00b7 prawnie uzasadniony interes Administratora danych (np. w celu poprawy jako\u015bci us\u0142ug).<\/p>\n\n\n\n<p><strong>6. Odbiorcy danych osobowych<\/strong><\/p>\n\n\n\n<p>Dane osobowe u\u017cytkownik\u00f3w Aplikacji s\u0105 przetwarzane tylko przez&nbsp; Administratora danych.<\/p>\n\n\n\n<p><strong>7. Okres przetwarzania danych osobowych<\/strong><\/p>\n\n\n\n<p>Dane osobowe przetwarzane s\u0105 przez Aplikacj\u0119 przez okres do realizacji cel\u00f3w, dla kt\u00f3rych zosta\u0142y zebrane. Po tym okresie dane s\u0105 usuwane lub anonimizowane.<\/p>\n\n\n\n<p><strong>8. Prawa u\u017cytkownik\u00f3w<\/strong><\/p>\n\n\n\n<p>U\u017cytkownicy Aplikacji maj\u0105 prawo do:<br>\u00b7 dost\u0119pu do swoich danych osobowych,<br>\u00b7 sprostowania swoich danych osobowych,<br>\u00b7 usuwania danych osobowych,<br>\u00b7 ograniczenia przetwarzania danych osobowych,<br>\u00b7 przenoszenia danych osobowych,<br>\u00b7 sprzeciwu wobec przetwarzania danych osobowych.<\/p>\n\n\n\n<p><strong>9. Kontakt<\/strong><\/p>\n\n\n\n<p>Wszelkie pytania lub w\u0105tpliwo\u015bci dotycz\u0105ce Aplikacji oraz pro\u015bby o usuni\u0119cie danych prosimy przes\u0142a\u0107 na adres darys@konet.pl.<\/p>\n\n\n\n<p><\/p>\n\t\t\t\t\t\t\t\t<\/div>\n\t\t\t\t<\/div>\n\t\t\t\t\t<\/div>\n\t\t\t\t<\/div>\n\t\t\t\t<\/div>\n\t\t","protected":false},"excerpt":{"rendered":"<p>1. Informacje og\u00f3lne Aplikacja KUMIN\u00a0(dalej: \u201eAplikacja\u201d) szanuje prywatno\u015b\u0107 u\u017cytkownik\u00f3w i obejmuje wszystkie \u015brodki, aby chronione dane osobowe by\u0142y wykorzystywane w ramach Aplikacji. Uwzgl\u0119dnij polityk\u0119 prywatno\u015bci w celu wyja\u015bnienia, w jaki spos\u00f3b zbieramy, kontrolujemy i wykorzystujemy dane osobowe. 2. Administrator danych osobowych Administratorem danych osobowych w ramach Aplikacji jest MYO Solutions Jacek Ry\u015b, z siedzib\u0105 pod [&hellip;]<\/p>\n","protected":false},"author":1,"featured_media":0,"parent":0,"menu_order":0,"comment_status":"closed","ping_status":"closed","template":"","meta":{"footnotes":""},"class_list":["post-3","page","type-page","status-publish","hentry"],"blocksy_meta":[],"_links":{"self":[{"href":"https:\/\/darys.pl\/index.php\/wp-json\/wp\/v2\/pages\/3","targetHints":{"allow":["GET"]}}],"collection":[{"href":"https:\/\/darys.pl\/index.php\/wp-json\/wp\/v2\/pages"}],"about":[{"href":"https:\/\/darys.pl\/index.php\/wp-json\/wp\/v2\/types\/page"}],"author":[{"embeddable":true,"href":"https:\/\/darys.pl\/index.php\/wp-json\/wp\/v2\/users\/1"}],"replies":[{"embeddable":true,"href":"https:\/\/darys.pl\/index.php\/wp-json\/wp\/v2\/comments?post=3"}],"version-history":[{"count":4,"href":"https:\/\/darys.pl\/index.php\/wp-json\/wp\/v2\/pages\/3\/revisions"}],"predecessor-version":[{"id":143,"href":"https:\/\/darys.pl\/index.php\/wp-json\/wp\/v2\/pages\/3\/revisions\/143"}],"wp:attachment":[{"href":"https:\/\/darys.pl\/index.php\/wp-json\/wp\/v2\/media?parent=3"}],"curies":[{"name":"wp","href":"https:\/\/api.w.org\/{rel}","templated":true}]}}